{"id":2209,"date":"2022-12-05T14:25:17","date_gmt":"2022-12-05T19:25:17","guid":{"rendered":"https:\/\/ocip.ai\/contact-us\/"},"modified":"2023-09-06T11:41:50","modified_gmt":"2023-09-06T15:41:50","slug":"nous-joindre","status":"publish","type":"page","link":"https:\/\/ocip.ai\/fr\/nous-joindre\/","title":{"rendered":"Nous joindre"},"content":{"rendered":"<p>[et_pb_section fb_built=\u00a0\u00bb1&Prime; _builder_version=\u00a0\u00bb4.5.1&Prime; _module_preset=\u00a0\u00bbdefault\u00a0\u00bb da_disable_devices=\u00a0\u00bboff|off|off\u00a0\u00bb da_is_popup=\u00a0\u00bboff\u00a0\u00bb da_exit_intent=\u00a0\u00bboff\u00a0\u00bb da_has_close=\u00a0\u00bbon\u00a0\u00bb da_alt_close=\u00a0\u00bboff\u00a0\u00bb da_dark_close=\u00a0\u00bboff\u00a0\u00bb da_not_modal=\u00a0\u00bbon\u00a0\u00bb da_is_singular=\u00a0\u00bboff\u00a0\u00bb da_with_loader=\u00a0\u00bboff\u00a0\u00bb da_has_shadow=\u00a0\u00bbon\u00a0\u00bb][et_pb_row column_structure=\u00a0\u00bb1_2,1_2&Prime; make_equal=\u00a0\u00bbon\u00a0\u00bb _builder_version=\u00a0\u00bb4.5.1&Prime; _module_preset=\u00a0\u00bbdefault\u00a0\u00bb][et_pb_column type=\u00a0\u00bb1_2&Prime; _builder_version=\u00a0\u00bb4.5.1&Prime; _module_preset=\u00a0\u00bbdefault\u00a0\u00bb][et_pb_image src=\u00a0\u00bbhttps:\/\/ocip.ai\/wp-content\/uploads\/2022\/12\/Rectangle-92-1.png\u00a0\u00bb title_text=\u00a0\u00bbRectangle 92 (1)\u00a0\u00bb _builder_version=\u00a0\u00bb4.5.1&Prime; _module_preset=\u00a0\u00bbdefault\u00a0\u00bb][\/et_pb_image][\/et_pb_column][et_pb_column type=\u00a0\u00bb1_2&Prime; _builder_version=\u00a0\u00bb4.5.1&Prime; _module_preset=\u00a0\u00bbdefault\u00a0\u00bb custom_css_main_element=\u00a0\u00bbdisplay: flex;||flex-direction: column;||justify-content:center;\u00a0\u00bb][et_pb_text _builder_version=\u00a0\u00bb4.5.1&Prime; _module_preset=\u00a0\u00bba4ed576a-a8d5-4376-8f14-0349c4939dd4&Prime;]<\/p>\n<h2><span data-contrast=\"none\" xml:lang=\"EN-CA\" lang=\"EN-CA\" class=\"TextRun Highlight SCXW47752046 BCX0\"><span class=\"NormalTextRun SCXW47752046 BCX0\" data-ccp-parastyle=\"heading 2\">Des questions?<\/span><\/span><span class=\"EOP TrackedChange SCXW47752046 BCX0\" data-ccp-props=\"{&quot;335559738&quot;:360}\">&nbsp;<\/span><\/h2>\n<p>[\/et_pb_text][et_pb_text _builder_version=\u00a0\u00bb4.5.1&Prime; _module_preset=\u00a0\u00bbdefault\u00a0\u00bb hover_enabled=\u00a0\u00bb0&Prime;]<\/p>\n<p><a href=\"https:\/\/ocip.ai\/fr\/souscrire\/\"><span style=\"text-decoration: underline;\">Inscrivez-vous \u00e0 notre liste de contacts<\/span><\/a> &nbsp;pour recevoir les nouvelles et les mises \u00e0 jour de la PICO<\/p>\n<p>[\/et_pb_text][et_pb_text _builder_version=\u00a0\u00bb4.5.1&Prime; _module_preset=\u00a0\u00bbdefault\u00a0\u00bb]<\/p>\n<p>Pour toute question, n\u2019h\u00e9sitez pas \u00e0 nous envoyer un courriel \u00e0 <a href=\"mailto:ocip@ecampusontario.ca\"><span style=\"text-decoration: underline;\">ocip@ecampusontario.ca<\/span><\/a><\/p>\n<p>372, rue Bay, 14<sup>e&nbsp;<\/sup>\u00e9tage<br \/>\nToronto, ON, Canada<br \/>\nM5H 2W9&nbsp;<\/p>\n<p>&nbsp;<\/p>\n<p>[\/et_pb_text][\/et_pb_column][\/et_pb_row][\/et_pb_section][et_pb_section fb_built=\u00a0\u00bb1&Prime; _builder_version=\u00a0\u00bb4.5.1&Prime; _module_preset=\u00a0\u00bbdefault\u00a0\u00bb background_color=\u00a0\u00bb#1e1a34&Prime; da_disable_devices=\u00a0\u00bboff|off|off\u00a0\u00bb global_module=\u00a0\u00bb2223&Prime; saved_tabs=\u00a0\u00bball\u00a0\u00bb da_is_popup=\u00a0\u00bboff\u00a0\u00bb da_exit_intent=\u00a0\u00bboff\u00a0\u00bb da_has_close=\u00a0\u00bbon\u00a0\u00bb da_alt_close=\u00a0\u00bboff\u00a0\u00bb da_dark_close=\u00a0\u00bboff\u00a0\u00bb da_not_modal=\u00a0\u00bbon\u00a0\u00bb da_is_singular=\u00a0\u00bboff\u00a0\u00bb da_with_loader=\u00a0\u00bboff\u00a0\u00bb da_has_shadow=\u00a0\u00bbon\u00a0\u00bb][et_pb_row column_structure=\u00a0\u00bb1_5,3_5,1_5&Prime; _builder_version=\u00a0\u00bb4.5.1&Prime; _module_preset=\u00a0\u00bbdefault\u00a0\u00bb width=\u00a0\u00bb96%\u00a0\u00bb width_tablet=\u00a0\u00bb\u00a0\u00bb width_phone=\u00a0\u00bb\u00a0\u00bb width_last_edited=\u00a0\u00bbon|desktop\u00a0\u00bb max_width=\u00a0\u00bb96%\u00a0\u00bb][et_pb_column type=\u00a0\u00bb1_5&Prime; _builder_version=\u00a0\u00bb4.5.1&Prime; _module_preset=\u00a0\u00bbdefault\u00a0\u00bb][et_pb_image src=\u00a0\u00bbhttps:\/\/ocip.ai\/wp-content\/uploads\/2020\/08\/eco-wordmark-white.png\u00a0\u00bb alt=\u00a0\u00bbecampusontario-wordmark-white\u00a0\u00bb title_text=\u00a0\u00bbeco-wordmark-white\u00a0\u00bb url=\u00a0\u00bbhttps:\/\/www.ecampusontario.ca\/fr\u00a0\u00bb url_new_window=\u00a0\u00bbon\u00a0\u00bb align_tablet=\u00a0\u00bbcenter\u00a0\u00bb align_phone=\u00a0\u00bb\u00a0\u00bb align_last_edited=\u00a0\u00bbon|desktop\u00a0\u00bb _builder_version=\u00a0\u00bb4.5.1&Prime; _module_preset=\u00a0\u00bbdefault\u00a0\u00bb width=\u00a0\u00bb200px\u00a0\u00bb width_tablet=\u00a0\u00bb\u00a0\u00bb width_phone=\u00a0\u00bb\u00a0\u00bb width_last_edited=\u00a0\u00bbon|desktop\u00a0\u00bb][\/et_pb_image][\/et_pb_column][et_pb_column type=\u00a0\u00bb3_5&Prime; _builder_version=\u00a0\u00bb4.5.1&Prime; _module_preset=\u00a0\u00bbdefault\u00a0\u00bb][et_pb_text _builder_version=\u00a0\u00bb4.5.1&Prime; _module_preset=\u00a0\u00bbdefault\u00a0\u00bb text_text_color=\u00a0\u00bb#ffffff\u00a0\u00bb]<\/p>\n<p>eCampusOntario, organisme sans but lucratif, leader mondial en \u00e9volution d\u2019apprentissage et d\u2019enseignement assist\u00e9s par la technologie.<\/p>\n<p>PICO est rendue possible gr\u00e2ce au financement du minist\u00e8re des Coll\u00e8ges et Universit\u00e9s de l&rsquo;Ontario<\/p>\n<p>[\/et_pb_text][\/et_pb_column][et_pb_column type=\u00a0\u00bb1_5&Prime; _builder_version=\u00a0\u00bb4.5.1&Prime; _module_preset=\u00a0\u00bbdefault\u00a0\u00bb][et_pb_image src=\u00a0\u00bbhttps:\/\/ocip.ai\/wp-content\/uploads\/2020\/08\/ontario-logo-1.png\u00a0\u00bb alt=\u00a0\u00bbOntario Logo\u00a0\u00bb title_text=\u00a0\u00bbontario-logo (1)\u00a0\u00bb url=\u00a0\u00bbhttps:\/\/ontario.ca\/fr\u00a0\u00bb url_new_window=\u00a0\u00bbon\u00a0\u00bb align_tablet=\u00a0\u00bbcenter\u00a0\u00bb align_phone=\u00a0\u00bb\u00a0\u00bb align_last_edited=\u00a0\u00bbon|desktop\u00a0\u00bb _builder_version=\u00a0\u00bb4.5.1&Prime; _module_preset=\u00a0\u00bbdefault\u00a0\u00bb width=\u00a0\u00bb200px\u00a0\u00bb width_tablet=\u00a0\u00bb\u00a0\u00bb width_phone=\u00a0\u00bb\u00a0\u00bb width_last_edited=\u00a0\u00bbon|desktop\u00a0\u00bb][\/et_pb_image][\/et_pb_column][\/et_pb_row][et_pb_row column_structure=\u00a0\u00bb1_3,1_3,1_3&Prime; _builder_version=\u00a0\u00bb4.5.1&Prime; _module_preset=\u00a0\u00bbdefault\u00a0\u00bb width=\u00a0\u00bb96%\u00a0\u00bb max_width=\u00a0\u00bb96%\u00a0\u00bb][et_pb_column type=\u00a0\u00bb1_3&Prime; _builder_version=\u00a0\u00bb4.5.1&Prime; _module_preset=\u00a0\u00bbdefault\u00a0\u00bb][et_pb_text _builder_version=\u00a0\u00bb4.5.1&Prime; _module_preset=\u00a0\u00bb075773ba-e89e-446b-9216-ef5ccbab61ef\u00a0\u00bb text_font=\u00a0\u00bb||||||||\u00a0\u00bb text_text_color=\u00a0\u00bb#d3d3d3&Prime; text_font_size=\u00a0\u00bb14px\u00a0\u00bb text_text_shadow_style=\u00a0\u00bbpreset2&Prime;]Copyright \u00a9 2022. eCampusOntario. Tous les droits sont r\u00e9serv\u00e9s.[\/et_pb_text][\/et_pb_column][et_pb_column type=\u00a0\u00bb1_3&Prime; _builder_version=\u00a0\u00bb4.5.1&Prime; _module_preset=\u00a0\u00bbdefault\u00a0\u00bb][\/et_pb_column][et_pb_column type=\u00a0\u00bb1_3&Prime; _builder_version=\u00a0\u00bb4.5.1&Prime; _module_preset=\u00a0\u00bbdefault\u00a0\u00bb][\/et_pb_column][\/et_pb_row][\/et_pb_section]<\/p>\n","protected":false},"excerpt":{"rendered":"<p>[et_pb_section fb_built=\u00a0\u00bb1&Prime; _builder_version=\u00a0\u00bb4.5.1&Prime; _module_preset=\u00a0\u00bbdefault\u00a0\u00bb da_disable_devices=\u00a0\u00bboff|off|off\u00a0\u00bb da_is_popup=\u00a0\u00bboff\u00a0\u00bb da_exit_intent=\u00a0\u00bboff\u00a0\u00bb da_has_close=\u00a0\u00bbon\u00a0\u00bb da_alt_close=\u00a0\u00bboff\u00a0\u00bb da_dark_close=\u00a0\u00bboff\u00a0\u00bb da_not_modal=\u00a0\u00bbon\u00a0\u00bb da_is_singular=\u00a0\u00bboff\u00a0\u00bb da_with_loader=\u00a0\u00bboff\u00a0\u00bb da_has_shadow=\u00a0\u00bbon\u00a0\u00bb][et_pb_row column_structure=\u00a0\u00bb1_2,1_2&Prime; make_equal=\u00a0\u00bbon\u00a0\u00bb _builder_version=\u00a0\u00bb4.5.1&Prime; _module_preset=\u00a0\u00bbdefault\u00a0\u00bb][et_pb_column type=\u00a0\u00bb1_2&Prime; _builder_version=\u00a0\u00bb4.5.1&Prime; _module_preset=\u00a0\u00bbdefault\u00a0\u00bb][et_pb_image src=\u00a0\u00bbhttps:\/\/ocip.ai\/wp-content\/uploads\/2022\/12\/Rectangle-92-1.png\u00a0\u00bb title_text=\u00a0\u00bbRectangle 92 (1)\u00a0\u00bb _builder_version=\u00a0\u00bb4.5.1&Prime; _module_preset=\u00a0\u00bbdefault\u00a0\u00bb][\/et_pb_image][\/et_pb_column][et_pb_column type=\u00a0\u00bb1_2&Prime; _builder_version=\u00a0\u00bb4.5.1&Prime; _module_preset=\u00a0\u00bbdefault\u00a0\u00bb custom_css_main_element=\u00a0\u00bbdisplay: flex;||flex-direction: column;||justify-content:center;\u00a0\u00bb][et_pb_text _builder_version=\u00a0\u00bb4.5.1&Prime; _module_preset=\u00a0\u00bba4ed576a-a8d5-4376-8f14-0349c4939dd4&Prime;] Des questions?&nbsp; [\/et_pb_text][et_pb_text _builder_version=\u00a0\u00bb4.5.1&Prime; _module_preset=\u00a0\u00bbdefault\u00a0\u00bb hover_enabled=\u00a0\u00bb0&Prime;] Inscrivez-vous \u00e0 notre liste de contacts &nbsp;pour recevoir les nouvelles et les mises \u00e0 [&hellip;]<\/p>\n","protected":false},"author":2,"featured_media":0,"parent":0,"menu_order":0,"comment_status":"closed","ping_status":"closed","template":"","meta":{"_et_pb_use_builder":"on","_et_pb_old_content":"","_et_gb_content_width":"","footnotes":""},"class_list":["post-2209","page","type-page","status-publish","hentry"],"yoast_head":"<!-- This site is optimized with the Yoast SEO plugin v27.4 - https:\/\/yoast.com\/product\/yoast-seo-wordpress\/ -->\n<title>Nous joindre | PICO<\/title>\n<meta name=\"description\" content=\"La plateforme d\u2019innovation collaborative de l\u2019Ontario (PICO) aide les entreprises ontariennes \u00e0 relever les d\u00e9fis commerciaux gr\u00e2ce \u00e0 un processus exhaustif et coordonn\u00e9 de soutien \u00e0 la recherche et au d\u00e9veloppement et \u00e0 la formation de la main-d\u2019\u0153uvre.\" \/>\n<meta name=\"robots\" content=\"index, follow, max-snippet:-1, max-image-preview:large, max-video-preview:-1\" \/>\n<link rel=\"canonical\" href=\"https:\/\/ocip.ai\/fr\/nous-joindre\/\" \/>\n<meta property=\"og:locale\" content=\"fr_FR\" \/>\n<meta property=\"og:type\" content=\"article\" \/>\n<meta property=\"og:title\" content=\"Nous joindre | PICO\" \/>\n<meta property=\"og:description\" content=\"La plateforme d\u2019innovation collaborative de l\u2019Ontario (PICO) aide les entreprises ontariennes \u00e0 relever les d\u00e9fis commerciaux gr\u00e2ce \u00e0 un processus exhaustif et coordonn\u00e9 de soutien \u00e0 la recherche et au d\u00e9veloppement et \u00e0 la formation de la main-d\u2019\u0153uvre.\" \/>\n<meta property=\"og:url\" content=\"https:\/\/ocip.ai\/fr\/nous-joindre\/\" \/>\n<meta property=\"og:site_name\" content=\"PICO\" \/>\n<meta property=\"article:modified_time\" content=\"2023-09-06T15:41:50+00:00\" \/>\n<meta property=\"og:image\" content=\"https:\/\/ocip.ai\/wp-content\/uploads\/2020\/11\/tocp-color-logo.png\" \/>\n\t<meta property=\"og:image:width\" content=\"361\" \/>\n\t<meta property=\"og:image:height\" content=\"361\" \/>\n\t<meta property=\"og:image:type\" content=\"image\/png\" \/>\n<meta name=\"twitter:card\" content=\"summary_large_image\" \/>\n<meta name=\"twitter:label1\" content=\"Dur\u00e9e de lecture estim\u00e9e\" \/>\n\t<meta name=\"twitter:data1\" content=\"1 minute\" \/>\n<script type=\"application\/ld+json\" class=\"yoast-schema-graph\">{\"@context\":\"https:\\\/\\\/schema.org\",\"@graph\":[{\"@type\":\"WebPage\",\"@id\":\"https:\\\/\\\/ocip.ai\\\/fr\\\/nous-joindre\\\/\",\"url\":\"https:\\\/\\\/ocip.ai\\\/fr\\\/nous-joindre\\\/\",\"name\":\"Nous joindre | PICO\",\"isPartOf\":{\"@id\":\"https:\\\/\\\/ocip.ai\\\/fr\\\/#website\"},\"datePublished\":\"2022-12-05T19:25:17+00:00\",\"dateModified\":\"2023-09-06T15:41:50+00:00\",\"description\":\"La plateforme d\u2019innovation collaborative de l\u2019Ontario (PICO) aide les entreprises ontariennes \u00e0 relever les d\u00e9fis commerciaux gr\u00e2ce \u00e0 un processus exhaustif et coordonn\u00e9 de soutien \u00e0 la recherche et au d\u00e9veloppement et \u00e0 la formation de la main-d\u2019\u0153uvre.\",\"breadcrumb\":{\"@id\":\"https:\\\/\\\/ocip.ai\\\/fr\\\/nous-joindre\\\/#breadcrumb\"},\"inLanguage\":\"fr-FR\",\"potentialAction\":[{\"@type\":\"ReadAction\",\"target\":[\"https:\\\/\\\/ocip.ai\\\/fr\\\/nous-joindre\\\/\"]}]},{\"@type\":\"BreadcrumbList\",\"@id\":\"https:\\\/\\\/ocip.ai\\\/fr\\\/nous-joindre\\\/#breadcrumb\",\"itemListElement\":[{\"@type\":\"ListItem\",\"position\":1,\"name\":\"Home\",\"item\":\"https:\\\/\\\/ocip.ai\\\/fr\\\/\"},{\"@type\":\"ListItem\",\"position\":2,\"name\":\"Nous joindre\"}]},{\"@type\":\"WebSite\",\"@id\":\"https:\\\/\\\/ocip.ai\\\/fr\\\/#website\",\"url\":\"https:\\\/\\\/ocip.ai\\\/fr\\\/\",\"name\":\"PICO\",\"description\":\"La plateforme d\u2019innovation collaborative de l\u2019Ontario (PICO) aide les entreprises ontariennes \u00e0 relever les d\u00e9fis commerciaux gr\u00e2ce \u00e0 un processus exhaustif et coordonn\u00e9 de soutien \u00e0 la recherche et au d\u00e9veloppement et \u00e0 la formation de la main-d\u2019\u0153uvre. \",\"publisher\":{\"@id\":\"https:\\\/\\\/ocip.ai\\\/fr\\\/#organization\"},\"potentialAction\":[{\"@type\":\"SearchAction\",\"target\":{\"@type\":\"EntryPoint\",\"urlTemplate\":\"https:\\\/\\\/ocip.ai\\\/fr\\\/?s={search_term_string}\"},\"query-input\":{\"@type\":\"PropertyValueSpecification\",\"valueRequired\":true,\"valueName\":\"search_term_string\"}}],\"inLanguage\":\"fr-FR\"},{\"@type\":\"Organization\",\"@id\":\"https:\\\/\\\/ocip.ai\\\/fr\\\/#organization\",\"name\":\"Ontario Collaborative Innovation Platform\",\"alternateName\":\"OCIP\",\"url\":\"https:\\\/\\\/ocip.ai\\\/fr\\\/\",\"logo\":{\"@type\":\"ImageObject\",\"inLanguage\":\"fr-FR\",\"@id\":\"https:\\\/\\\/ocip.ai\\\/fr\\\/#\\\/schema\\\/logo\\\/image\\\/\",\"url\":\"https:\\\/\\\/ocip.ai\\\/wp-content\\\/uploads\\\/2022\\\/12\\\/logo.png\",\"contentUrl\":\"https:\\\/\\\/ocip.ai\\\/wp-content\\\/uploads\\\/2022\\\/12\\\/logo.png\",\"width\":471,\"height\":200,\"caption\":\"Ontario Collaborative Innovation Platform\"},\"image\":{\"@id\":\"https:\\\/\\\/ocip.ai\\\/fr\\\/#\\\/schema\\\/logo\\\/image\\\/\"}}]}<\/script>\n<!-- \/ Yoast SEO plugin. -->","yoast_head_json":{"title":"Nous joindre | PICO","description":"La plateforme d\u2019innovation collaborative de l\u2019Ontario (PICO) aide les entreprises ontariennes \u00e0 relever les d\u00e9fis commerciaux gr\u00e2ce \u00e0 un processus exhaustif et coordonn\u00e9 de soutien \u00e0 la recherche et au d\u00e9veloppement et \u00e0 la formation de la main-d\u2019\u0153uvre.","robots":{"index":"index","follow":"follow","max-snippet":"max-snippet:-1","max-image-preview":"max-image-preview:large","max-video-preview":"max-video-preview:-1"},"canonical":"https:\/\/ocip.ai\/fr\/nous-joindre\/","og_locale":"fr_FR","og_type":"article","og_title":"Nous joindre | PICO","og_description":"La plateforme d\u2019innovation collaborative de l\u2019Ontario (PICO) aide les entreprises ontariennes \u00e0 relever les d\u00e9fis commerciaux gr\u00e2ce \u00e0 un processus exhaustif et coordonn\u00e9 de soutien \u00e0 la recherche et au d\u00e9veloppement et \u00e0 la formation de la main-d\u2019\u0153uvre.","og_url":"https:\/\/ocip.ai\/fr\/nous-joindre\/","og_site_name":"PICO","article_modified_time":"2023-09-06T15:41:50+00:00","og_image":[{"width":361,"height":361,"url":"https:\/\/ocip.ai\/wp-content\/uploads\/2020\/11\/tocp-color-logo.png","type":"image\/png"}],"twitter_card":"summary_large_image","twitter_misc":{"Dur\u00e9e de lecture estim\u00e9e":"1 minute"},"schema":{"@context":"https:\/\/schema.org","@graph":[{"@type":"WebPage","@id":"https:\/\/ocip.ai\/fr\/nous-joindre\/","url":"https:\/\/ocip.ai\/fr\/nous-joindre\/","name":"Nous joindre | PICO","isPartOf":{"@id":"https:\/\/ocip.ai\/fr\/#website"},"datePublished":"2022-12-05T19:25:17+00:00","dateModified":"2023-09-06T15:41:50+00:00","description":"La plateforme d\u2019innovation collaborative de l\u2019Ontario (PICO) aide les entreprises ontariennes \u00e0 relever les d\u00e9fis commerciaux gr\u00e2ce \u00e0 un processus exhaustif et coordonn\u00e9 de soutien \u00e0 la recherche et au d\u00e9veloppement et \u00e0 la formation de la main-d\u2019\u0153uvre.","breadcrumb":{"@id":"https:\/\/ocip.ai\/fr\/nous-joindre\/#breadcrumb"},"inLanguage":"fr-FR","potentialAction":[{"@type":"ReadAction","target":["https:\/\/ocip.ai\/fr\/nous-joindre\/"]}]},{"@type":"BreadcrumbList","@id":"https:\/\/ocip.ai\/fr\/nous-joindre\/#breadcrumb","itemListElement":[{"@type":"ListItem","position":1,"name":"Home","item":"https:\/\/ocip.ai\/fr\/"},{"@type":"ListItem","position":2,"name":"Nous joindre"}]},{"@type":"WebSite","@id":"https:\/\/ocip.ai\/fr\/#website","url":"https:\/\/ocip.ai\/fr\/","name":"PICO","description":"La plateforme d\u2019innovation collaborative de l\u2019Ontario (PICO) aide les entreprises ontariennes \u00e0 relever les d\u00e9fis commerciaux gr\u00e2ce \u00e0 un processus exhaustif et coordonn\u00e9 de soutien \u00e0 la recherche et au d\u00e9veloppement et \u00e0 la formation de la main-d\u2019\u0153uvre. ","publisher":{"@id":"https:\/\/ocip.ai\/fr\/#organization"},"potentialAction":[{"@type":"SearchAction","target":{"@type":"EntryPoint","urlTemplate":"https:\/\/ocip.ai\/fr\/?s={search_term_string}"},"query-input":{"@type":"PropertyValueSpecification","valueRequired":true,"valueName":"search_term_string"}}],"inLanguage":"fr-FR"},{"@type":"Organization","@id":"https:\/\/ocip.ai\/fr\/#organization","name":"Ontario Collaborative Innovation Platform","alternateName":"OCIP","url":"https:\/\/ocip.ai\/fr\/","logo":{"@type":"ImageObject","inLanguage":"fr-FR","@id":"https:\/\/ocip.ai\/fr\/#\/schema\/logo\/image\/","url":"https:\/\/ocip.ai\/wp-content\/uploads\/2022\/12\/logo.png","contentUrl":"https:\/\/ocip.ai\/wp-content\/uploads\/2022\/12\/logo.png","width":471,"height":200,"caption":"Ontario Collaborative Innovation Platform"},"image":{"@id":"https:\/\/ocip.ai\/fr\/#\/schema\/logo\/image\/"}}]}},"_links":{"self":[{"href":"https:\/\/ocip.ai\/fr\/wp-json\/wp\/v2\/pages\/2209","targetHints":{"allow":["GET"]}}],"collection":[{"href":"https:\/\/ocip.ai\/fr\/wp-json\/wp\/v2\/pages"}],"about":[{"href":"https:\/\/ocip.ai\/fr\/wp-json\/wp\/v2\/types\/page"}],"author":[{"embeddable":true,"href":"https:\/\/ocip.ai\/fr\/wp-json\/wp\/v2\/users\/2"}],"replies":[{"embeddable":true,"href":"https:\/\/ocip.ai\/fr\/wp-json\/wp\/v2\/comments?post=2209"}],"version-history":[{"count":6,"href":"https:\/\/ocip.ai\/fr\/wp-json\/wp\/v2\/pages\/2209\/revisions"}],"predecessor-version":[{"id":2402,"href":"https:\/\/ocip.ai\/fr\/wp-json\/wp\/v2\/pages\/2209\/revisions\/2402"}],"wp:attachment":[{"href":"https:\/\/ocip.ai\/fr\/wp-json\/wp\/v2\/media?parent=2209"}],"curies":[{"name":"wp","href":"https:\/\/api.w.org\/{rel}","templated":true}]}}