{"id":3693,"date":"2023-09-05T23:17:00","date_gmt":"2023-09-06T03:17:00","guid":{"rendered":"https:\/\/ocip.ai\/?page_id=3693"},"modified":"2023-09-05T23:17:03","modified_gmt":"2023-09-06T03:17:03","slug":"guide-dutilisation-pour-les-entreprises","status":"publish","type":"page","link":"https:\/\/ocip.ai\/fr\/guide-dutilisation-pour-les-entreprises\/","title":{"rendered":"Guide d&rsquo;utilisation pour les entreprises"},"content":{"rendered":"<p><iframe loading=\"lazy\" src=\"https:\/\/scribehow.com\/page-embed\/Businesses_and_Organizations_User_Guide__BBZ2Zy1DR5-46djh_Tk4WQ?removeLogo=true\" width=\"100%\" height=\"640\" allowfullscreen frameborder=\"0\"><\/iframe><\/p>\n","protected":false},"excerpt":{"rendered":"","protected":false},"author":13,"featured_media":0,"parent":0,"menu_order":0,"comment_status":"closed","ping_status":"closed","template":"","meta":{"_et_pb_use_builder":"on","_et_pb_old_content":"","_et_gb_content_width":"","footnotes":""},"class_list":["post-3693","page","type-page","status-publish","hentry"],"yoast_head":"<!-- This site is optimized with the Yoast SEO plugin v27.4 - https:\/\/yoast.com\/product\/yoast-seo-wordpress\/ -->\n<title>Guide d&#039;utilisation pour les entreprises | PICO<\/title>\n<meta name=\"robots\" content=\"index, follow, max-snippet:-1, max-image-preview:large, max-video-preview:-1\" \/>\n<link rel=\"canonical\" href=\"https:\/\/ocip.ai\/fr\/guide-dutilisation-pour-les-entreprises\/\" \/>\n<meta property=\"og:locale\" content=\"fr_FR\" \/>\n<meta property=\"og:type\" content=\"article\" \/>\n<meta property=\"og:title\" content=\"Guide d&#039;utilisation pour les entreprises | PICO\" \/>\n<meta property=\"og:url\" content=\"https:\/\/ocip.ai\/fr\/guide-dutilisation-pour-les-entreprises\/\" \/>\n<meta property=\"og:site_name\" content=\"PICO\" \/>\n<meta property=\"article:modified_time\" content=\"2023-09-06T03:17:03+00:00\" \/>\n<meta property=\"og:image\" content=\"https:\/\/ocip.ai\/wp-content\/uploads\/2020\/11\/tocp-color-logo.png\" \/>\n\t<meta property=\"og:image:width\" content=\"361\" \/>\n\t<meta property=\"og:image:height\" content=\"361\" \/>\n\t<meta property=\"og:image:type\" content=\"image\/png\" \/>\n<meta name=\"twitter:card\" content=\"summary_large_image\" \/>\n<script type=\"application\/ld+json\" class=\"yoast-schema-graph\">{\"@context\":\"https:\\\/\\\/schema.org\",\"@graph\":[{\"@type\":\"WebPage\",\"@id\":\"https:\\\/\\\/ocip.ai\\\/fr\\\/guide-dutilisation-pour-les-entreprises\\\/\",\"url\":\"https:\\\/\\\/ocip.ai\\\/fr\\\/guide-dutilisation-pour-les-entreprises\\\/\",\"name\":\"Guide d'utilisation pour les entreprises | PICO\",\"isPartOf\":{\"@id\":\"https:\\\/\\\/ocip.ai\\\/fr\\\/#website\"},\"datePublished\":\"2023-09-06T03:17:00+00:00\",\"dateModified\":\"2023-09-06T03:17:03+00:00\",\"breadcrumb\":{\"@id\":\"https:\\\/\\\/ocip.ai\\\/fr\\\/guide-dutilisation-pour-les-entreprises\\\/#breadcrumb\"},\"inLanguage\":\"fr-FR\",\"potentialAction\":[{\"@type\":\"ReadAction\",\"target\":[\"https:\\\/\\\/ocip.ai\\\/fr\\\/guide-dutilisation-pour-les-entreprises\\\/\"]}]},{\"@type\":\"BreadcrumbList\",\"@id\":\"https:\\\/\\\/ocip.ai\\\/fr\\\/guide-dutilisation-pour-les-entreprises\\\/#breadcrumb\",\"itemListElement\":[{\"@type\":\"ListItem\",\"position\":1,\"name\":\"Home\",\"item\":\"https:\\\/\\\/ocip.ai\\\/fr\\\/\"},{\"@type\":\"ListItem\",\"position\":2,\"name\":\"Guide d&#8217;utilisation pour les entreprises\"}]},{\"@type\":\"WebSite\",\"@id\":\"https:\\\/\\\/ocip.ai\\\/fr\\\/#website\",\"url\":\"https:\\\/\\\/ocip.ai\\\/fr\\\/\",\"name\":\"PICO\",\"description\":\"La plateforme d\u2019innovation collaborative de l\u2019Ontario (PICO) aide les entreprises ontariennes \u00e0 relever les d\u00e9fis commerciaux gr\u00e2ce \u00e0 un processus exhaustif et coordonn\u00e9 de soutien \u00e0 la recherche et au d\u00e9veloppement et \u00e0 la formation de la main-d\u2019\u0153uvre. \",\"publisher\":{\"@id\":\"https:\\\/\\\/ocip.ai\\\/fr\\\/#organization\"},\"potentialAction\":[{\"@type\":\"SearchAction\",\"target\":{\"@type\":\"EntryPoint\",\"urlTemplate\":\"https:\\\/\\\/ocip.ai\\\/fr\\\/?s={search_term_string}\"},\"query-input\":{\"@type\":\"PropertyValueSpecification\",\"valueRequired\":true,\"valueName\":\"search_term_string\"}}],\"inLanguage\":\"fr-FR\"},{\"@type\":\"Organization\",\"@id\":\"https:\\\/\\\/ocip.ai\\\/fr\\\/#organization\",\"name\":\"Ontario Collaborative Innovation Platform\",\"alternateName\":\"OCIP\",\"url\":\"https:\\\/\\\/ocip.ai\\\/fr\\\/\",\"logo\":{\"@type\":\"ImageObject\",\"inLanguage\":\"fr-FR\",\"@id\":\"https:\\\/\\\/ocip.ai\\\/fr\\\/#\\\/schema\\\/logo\\\/image\\\/\",\"url\":\"https:\\\/\\\/ocip.ai\\\/wp-content\\\/uploads\\\/2022\\\/12\\\/logo.png\",\"contentUrl\":\"https:\\\/\\\/ocip.ai\\\/wp-content\\\/uploads\\\/2022\\\/12\\\/logo.png\",\"width\":471,\"height\":200,\"caption\":\"Ontario Collaborative Innovation Platform\"},\"image\":{\"@id\":\"https:\\\/\\\/ocip.ai\\\/fr\\\/#\\\/schema\\\/logo\\\/image\\\/\"}}]}<\/script>\n<!-- \/ Yoast SEO plugin. -->","yoast_head_json":{"title":"Guide d'utilisation pour les entreprises | PICO","robots":{"index":"index","follow":"follow","max-snippet":"max-snippet:-1","max-image-preview":"max-image-preview:large","max-video-preview":"max-video-preview:-1"},"canonical":"https:\/\/ocip.ai\/fr\/guide-dutilisation-pour-les-entreprises\/","og_locale":"fr_FR","og_type":"article","og_title":"Guide d'utilisation pour les entreprises | PICO","og_url":"https:\/\/ocip.ai\/fr\/guide-dutilisation-pour-les-entreprises\/","og_site_name":"PICO","article_modified_time":"2023-09-06T03:17:03+00:00","og_image":[{"width":361,"height":361,"url":"https:\/\/ocip.ai\/wp-content\/uploads\/2020\/11\/tocp-color-logo.png","type":"image\/png"}],"twitter_card":"summary_large_image","schema":{"@context":"https:\/\/schema.org","@graph":[{"@type":"WebPage","@id":"https:\/\/ocip.ai\/fr\/guide-dutilisation-pour-les-entreprises\/","url":"https:\/\/ocip.ai\/fr\/guide-dutilisation-pour-les-entreprises\/","name":"Guide d'utilisation pour les entreprises | PICO","isPartOf":{"@id":"https:\/\/ocip.ai\/fr\/#website"},"datePublished":"2023-09-06T03:17:00+00:00","dateModified":"2023-09-06T03:17:03+00:00","breadcrumb":{"@id":"https:\/\/ocip.ai\/fr\/guide-dutilisation-pour-les-entreprises\/#breadcrumb"},"inLanguage":"fr-FR","potentialAction":[{"@type":"ReadAction","target":["https:\/\/ocip.ai\/fr\/guide-dutilisation-pour-les-entreprises\/"]}]},{"@type":"BreadcrumbList","@id":"https:\/\/ocip.ai\/fr\/guide-dutilisation-pour-les-entreprises\/#breadcrumb","itemListElement":[{"@type":"ListItem","position":1,"name":"Home","item":"https:\/\/ocip.ai\/fr\/"},{"@type":"ListItem","position":2,"name":"Guide d&#8217;utilisation pour les entreprises"}]},{"@type":"WebSite","@id":"https:\/\/ocip.ai\/fr\/#website","url":"https:\/\/ocip.ai\/fr\/","name":"PICO","description":"La plateforme d\u2019innovation collaborative de l\u2019Ontario (PICO) aide les entreprises ontariennes \u00e0 relever les d\u00e9fis commerciaux gr\u00e2ce \u00e0 un processus exhaustif et coordonn\u00e9 de soutien \u00e0 la recherche et au d\u00e9veloppement et \u00e0 la formation de la main-d\u2019\u0153uvre. ","publisher":{"@id":"https:\/\/ocip.ai\/fr\/#organization"},"potentialAction":[{"@type":"SearchAction","target":{"@type":"EntryPoint","urlTemplate":"https:\/\/ocip.ai\/fr\/?s={search_term_string}"},"query-input":{"@type":"PropertyValueSpecification","valueRequired":true,"valueName":"search_term_string"}}],"inLanguage":"fr-FR"},{"@type":"Organization","@id":"https:\/\/ocip.ai\/fr\/#organization","name":"Ontario Collaborative Innovation Platform","alternateName":"OCIP","url":"https:\/\/ocip.ai\/fr\/","logo":{"@type":"ImageObject","inLanguage":"fr-FR","@id":"https:\/\/ocip.ai\/fr\/#\/schema\/logo\/image\/","url":"https:\/\/ocip.ai\/wp-content\/uploads\/2022\/12\/logo.png","contentUrl":"https:\/\/ocip.ai\/wp-content\/uploads\/2022\/12\/logo.png","width":471,"height":200,"caption":"Ontario Collaborative Innovation Platform"},"image":{"@id":"https:\/\/ocip.ai\/fr\/#\/schema\/logo\/image\/"}}]}},"_links":{"self":[{"href":"https:\/\/ocip.ai\/fr\/wp-json\/wp\/v2\/pages\/3693","targetHints":{"allow":["GET"]}}],"collection":[{"href":"https:\/\/ocip.ai\/fr\/wp-json\/wp\/v2\/pages"}],"about":[{"href":"https:\/\/ocip.ai\/fr\/wp-json\/wp\/v2\/types\/page"}],"author":[{"embeddable":true,"href":"https:\/\/ocip.ai\/fr\/wp-json\/wp\/v2\/users\/13"}],"replies":[{"embeddable":true,"href":"https:\/\/ocip.ai\/fr\/wp-json\/wp\/v2\/comments?post=3693"}],"version-history":[{"count":2,"href":"https:\/\/ocip.ai\/fr\/wp-json\/wp\/v2\/pages\/3693\/revisions"}],"predecessor-version":[{"id":3695,"href":"https:\/\/ocip.ai\/fr\/wp-json\/wp\/v2\/pages\/3693\/revisions\/3695"}],"wp:attachment":[{"href":"https:\/\/ocip.ai\/fr\/wp-json\/wp\/v2\/media?parent=3693"}],"curies":[{"name":"wp","href":"https:\/\/api.w.org\/{rel}","templated":true}]}}